{"id":2942,"date":"2024-11-01T10:03:00","date_gmt":"2024-11-01T09:03:00","guid":{"rendered":"https:\/\/epseed.com\/?page_id=2942"},"modified":"2026-01-06T23:02:51","modified_gmt":"2026-01-06T22:02:51","slug":"early-bird-seed","status":"publish","type":"page","link":"https:\/\/epseed.com\/en\/early-bird-seed\/","title":{"rendered":"Early bird"},"content":{"rendered":"\t\t<div data-elementor-type=\"wp-page\" data-elementor-id=\"2942\" class=\"elementor elementor-2942\" data-elementor-post-type=\"page\">\n\t\t\t\t\t\t<section class=\"elementor-section elementor-top-section elementor-element elementor-element-ecbb8a8 elementor-section-full_width elementor-section-height-default elementor-section-height-default\" data-id=\"ecbb8a8\" data-element_type=\"section\" data-e-type=\"section\">\n\t\t\t\t\t\t<div class=\"elementor-container elementor-column-gap-default\">\n\t\t\t\t\t<div class=\"elementor-column elementor-col-100 elementor-top-column elementor-element elementor-element-a11d4fb\" data-id=\"a11d4fb\" data-element_type=\"column\" data-e-type=\"column\">\n\t\t\t<div class=\"elementor-widget-wrap elementor-element-populated\">\n\t\t\t\t\t\t<section class=\"elementor-section elementor-inner-section elementor-element elementor-element-60bb1a78 elementor-section-full_width elementor-section-height-default elementor-section-height-default\" data-id=\"60bb1a78\" data-element_type=\"section\" data-e-type=\"section\">\n\t\t\t\t\t\t<div class=\"elementor-container elementor-column-gap-default\">\n\t\t\t\t\t<div class=\"elementor-column elementor-col-33 elementor-inner-column elementor-element elementor-element-5567290b\" data-id=\"5567290b\" data-element_type=\"column\" data-e-type=\"column\">\n\t\t\t<div class=\"elementor-widget-wrap elementor-element-populated\">\n\t\t\t\t\t\t<div class=\"elementor-element elementor-element-b8a3b69 elementor-widget elementor-widget-image\" data-id=\"b8a3b69\" data-element_type=\"widget\" data-e-type=\"widget\" data-widget_type=\"image.default\">\n\t\t\t\t<div class=\"elementor-widget-container\">\n\t\t\t\t\t\t\t\t\t\t\t\t\t\t\t\t<a href=\"https:\/\/epseed.com\">\n\t\t\t\t\t\t\t<img fetchpriority=\"high\" decoding=\"async\" width=\"4153\" height=\"1184\" src=\"https:\/\/epseed.com\/wp-content\/uploads\/2024\/09\/Plan-de-travail-21_1-scaled.png\" class=\"attachment-full size-full wp-image-1736\" alt=\"\" \/>\t\t\t\t\t\t\t\t<\/a>\n\t\t\t\t\t\t\t\t\t\t\t\t\t\t\t<\/div>\n\t\t\t\t<\/div>\n\t\t\t\t\t<\/div>\n\t\t<\/div>\n\t\t\t\t<div class=\"elementor-column elementor-col-33 elementor-inner-column elementor-element elementor-element-d08b7c4\" data-id=\"d08b7c4\" data-element_type=\"column\" data-e-type=\"column\">\n\t\t\t<div class=\"elementor-widget-wrap elementor-element-populated\">\n\t\t\t\t\t\t<div class=\"elementor-element elementor-element-2ac2b5a7 elementor-nav-menu__align-center elementor-widget__width-initial elementor-nav-menu--dropdown-tablet elementor-nav-menu__text-align-aside elementor-nav-menu--toggle elementor-nav-menu--burger elementor-widget elementor-widget-nav-menu\" data-id=\"2ac2b5a7\" data-element_type=\"widget\" data-e-type=\"widget\" data-settings=\"{&quot;layout&quot;:&quot;horizontal&quot;,&quot;submenu_icon&quot;:{&quot;value&quot;:&quot;&lt;i class=\\&quot;fas fa-caret-down\\&quot; aria-hidden=\\&quot;true\\&quot;&gt;&lt;\\\/i&gt;&quot;,&quot;library&quot;:&quot;fa-solid&quot;},&quot;toggle&quot;:&quot;burger&quot;}\" data-widget_type=\"nav-menu.default\">\n\t\t\t\t<div class=\"elementor-widget-container\">\n\t\t\t\t\t\t\t\t<nav aria-label=\"Menu\" class=\"elementor-nav-menu--main elementor-nav-menu__container elementor-nav-menu--layout-horizontal e--pointer-underline e--animation-slide\">\n\t\t\t\t<ul id=\"menu-1-2ac2b5a7\" class=\"elementor-nav-menu\"><li class=\"menu-item menu-item-type-custom menu-item-object-custom menu-item-2650\"><a href=\"https:\/\/epseed.com#DISCOVER\" class=\"elementor-item elementor-item-anchor\">D\u00e9couvrir<\/a><\/li>\n<li class=\"menu-item menu-item-type-post_type menu-item-object-page menu-item-2943\"><a href=\"https:\/\/epseed.com\/en\/early-bird-seed\/\" class=\"elementor-item\">Early bird<\/a><\/li>\n<li class=\"menu-item menu-item-type-custom menu-item-object-custom menu-item-4086\"><a href=\"https:\/\/epseed.com#DEVIS\" class=\"elementor-item elementor-item-anchor\">Devis<\/a><\/li>\n<li class=\"menu-item menu-item-type-post_type menu-item-object-page menu-item-1196\"><a href=\"https:\/\/epseed.com\/en\/contact\/\" class=\"elementor-item\">Contact<\/a><\/li>\n<li class=\"menu-item menu-item-type-post_type menu-item-object-page menu-item-3969\"><a href=\"https:\/\/epseed.com\/en\/partners\/\" class=\"elementor-item\">Partenaires<\/a><\/li>\n<li class=\"menu-item menu-item-type-post_type menu-item-object-page menu-item-2968\"><a href=\"https:\/\/epseed.com\/en\/press\/\" class=\"elementor-item\">Presse<\/a><\/li>\n<\/ul>\t\t\t<\/nav>\n\t\t\t\t\t<div class=\"elementor-menu-toggle\" role=\"button\" tabindex=\"0\" aria-label=\"Menu Toggle\" aria-expanded=\"false\">\n\t\t\t<i aria-hidden=\"true\" role=\"presentation\" class=\"elementor-menu-toggle__icon--open eicon-menu-bar\"><\/i><i aria-hidden=\"true\" role=\"presentation\" class=\"elementor-menu-toggle__icon--close eicon-close\"><\/i>\t\t<\/div>\n\t\t\t\t\t<nav class=\"elementor-nav-menu--dropdown elementor-nav-menu__container\" aria-hidden=\"true\">\n\t\t\t\t<ul id=\"menu-2-2ac2b5a7\" class=\"elementor-nav-menu\"><li class=\"menu-item menu-item-type-custom menu-item-object-custom menu-item-2650\"><a href=\"https:\/\/epseed.com#DISCOVER\" class=\"elementor-item elementor-item-anchor\" tabindex=\"-1\">D\u00e9couvrir<\/a><\/li>\n<li class=\"menu-item menu-item-type-post_type menu-item-object-page menu-item-2943\"><a href=\"https:\/\/epseed.com\/en\/early-bird-seed\/\" class=\"elementor-item\" tabindex=\"-1\">Early bird<\/a><\/li>\n<li class=\"menu-item menu-item-type-custom menu-item-object-custom menu-item-4086\"><a href=\"https:\/\/epseed.com#DEVIS\" class=\"elementor-item elementor-item-anchor\" tabindex=\"-1\">Devis<\/a><\/li>\n<li class=\"menu-item menu-item-type-post_type menu-item-object-page menu-item-1196\"><a href=\"https:\/\/epseed.com\/en\/contact\/\" class=\"elementor-item\" tabindex=\"-1\">Contact<\/a><\/li>\n<li class=\"menu-item menu-item-type-post_type menu-item-object-page menu-item-3969\"><a href=\"https:\/\/epseed.com\/en\/partners\/\" class=\"elementor-item\" tabindex=\"-1\">Partenaires<\/a><\/li>\n<li class=\"menu-item menu-item-type-post_type menu-item-object-page menu-item-2968\"><a href=\"https:\/\/epseed.com\/en\/press\/\" class=\"elementor-item\" tabindex=\"-1\">Presse<\/a><\/li>\n<\/ul>\t\t\t<\/nav>\n\t\t\t\t\t\t<\/div>\n\t\t\t\t<\/div>\n\t\t\t\t\t<\/div>\n\t\t<\/div>\n\t\t\t\t<div class=\"elementor-column elementor-col-33 elementor-inner-column elementor-element elementor-element-28e0270f\" data-id=\"28e0270f\" data-element_type=\"column\" data-e-type=\"column\">\n\t\t\t<div class=\"elementor-widget-wrap\">\n\t\t\t\t\t\t\t<\/div>\n\t\t<\/div>\n\t\t\t\t\t<\/div>\n\t\t<\/section>\n\t\t\t\t\t<\/div>\n\t\t<\/div>\n\t\t\t\t\t<\/div>\n\t\t<\/section>\n\t\t\t\t<section class=\"elementor-section elementor-top-section elementor-element elementor-element-ee3af1f elementor-section-full_width elementor-section-height-default elementor-section-height-default\" data-id=\"ee3af1f\" data-element_type=\"section\" data-e-type=\"section\" data-settings=\"{&quot;background_background&quot;:&quot;classic&quot;}\">\n\t\t\t\t\t\t<div class=\"elementor-container elementor-column-gap-no\">\n\t\t\t\t\t<div class=\"elementor-column elementor-col-50 elementor-top-column elementor-element elementor-element-711fd2b\" data-id=\"711fd2b\" data-element_type=\"column\" data-e-type=\"column\">\n\t\t\t<div class=\"elementor-widget-wrap elementor-element-populated\">\n\t\t\t\t\t\t<div class=\"elementor-element elementor-element-b597aa5 elementor-widget elementor-widget-heading\" data-id=\"b597aa5\" data-element_type=\"widget\" data-e-type=\"widget\" data-widget_type=\"heading.default\">\n\t\t\t\t<div class=\"elementor-widget-container\">\n\t\t\t\t\t<h2 class=\"elementor-heading-title elementor-size-default\">Soyez le premier \u00e0 avoir<\/h2>\t\t\t\t<\/div>\n\t\t\t\t<\/div>\n\t\t\t\t<div class=\"elementor-element elementor-element-e5ab744 elementor-widget elementor-widget-heading\" data-id=\"e5ab744\" data-element_type=\"widget\" data-e-type=\"widget\" data-widget_type=\"heading.default\">\n\t\t\t\t<div class=\"elementor-widget-container\">\n\t\t\t\t\t<h2 class=\"elementor-heading-title elementor-size-default\">The SEED <\/h2>\t\t\t\t<\/div>\n\t\t\t\t<\/div>\n\t\t\t\t<div class=\"elementor-element elementor-element-27cefce elementor-widget elementor-widget-text-editor\" data-id=\"27cefce\" data-element_type=\"widget\" data-e-type=\"widget\" data-widget_type=\"text-editor.default\">\n\t\t\t\t<div class=\"elementor-widget-container\">\n\t\t\t\t\t\t\t\t\t<p>Vous souhaitez fa\u00e7onner l&rsquo;avenir du travail \u00e0 distance avec The SEED ? Rejoignez notre programme Earlybird exclusif! Nous invitons les entreprises et les utilisateurs \u00e0 essayer The SEED pendant une p\u00e9riode limit\u00e9e et \u00e0 nous faire part de leurs pr\u00e9cieux commentaires afin d&rsquo;adapter la solution aux besoins r\u00e9els.<\/p>\t\t\t\t\t\t\t\t<\/div>\n\t\t\t\t<\/div>\n\t\t\t\t\t<\/div>\n\t\t<\/div>\n\t\t\t\t<div class=\"elementor-column elementor-col-50 elementor-top-column elementor-element elementor-element-9910454\" data-id=\"9910454\" data-element_type=\"column\" data-e-type=\"column\" data-settings=\"{&quot;background_background&quot;:&quot;classic&quot;}\">\n\t\t\t<div class=\"elementor-widget-wrap elementor-element-populated\">\n\t\t\t\t\t\t<div class=\"elementor-element elementor-element-7ddc55f elementor-hidden-tablet elementor-hidden-mobile elementor-widget elementor-widget-image\" data-id=\"7ddc55f\" data-element_type=\"widget\" data-e-type=\"widget\" data-widget_type=\"image.default\">\n\t\t\t\t<div class=\"elementor-widget-container\">\n\t\t\t\t\t\t\t\t\t\t\t\t\t\t\t<img decoding=\"async\" width=\"800\" height=\"800\" src=\"https:\/\/epseed.com\/wp-content\/uploads\/2025\/11\/image2.png\" class=\"attachment-large size-large wp-image-3601\" alt=\"\" srcset=\"https:\/\/epseed.com\/wp-content\/uploads\/2025\/11\/image2.png 1024w, https:\/\/epseed.com\/wp-content\/uploads\/2025\/11\/image2-300x300.png 300w, https:\/\/epseed.com\/wp-content\/uploads\/2025\/11\/image2-150x150.png 150w, https:\/\/epseed.com\/wp-content\/uploads\/2025\/11\/image2-768x768.png 768w, https:\/\/epseed.com\/wp-content\/uploads\/2025\/11\/image2-12x12.png 12w\" sizes=\"(max-width: 800px) 100vw, 800px\" \/>\t\t\t\t\t\t\t\t\t\t\t\t\t\t\t<\/div>\n\t\t\t\t<\/div>\n\t\t\t\t\t<\/div>\n\t\t<\/div>\n\t\t\t\t\t<\/div>\n\t\t<\/section>\n\t\t\t\t<section class=\"elementor-section elementor-top-section elementor-element elementor-element-1468a76 elementor-section-boxed elementor-section-height-default elementor-section-height-default\" data-id=\"1468a76\" data-element_type=\"section\" data-e-type=\"section\">\n\t\t\t\t\t\t<div class=\"elementor-container elementor-column-gap-default\">\n\t\t\t\t\t<div class=\"elementor-column elementor-col-100 elementor-top-column elementor-element elementor-element-0e9d7fc\" data-id=\"0e9d7fc\" data-element_type=\"column\" data-e-type=\"column\">\n\t\t\t<div class=\"elementor-widget-wrap elementor-element-populated\">\n\t\t\t\t\t\t<div class=\"elementor-element elementor-element-f889dc2 elementor-widget elementor-widget-heading\" data-id=\"f889dc2\" data-element_type=\"widget\" data-e-type=\"widget\" data-widget_type=\"heading.default\">\n\t\t\t\t<div class=\"elementor-widget-container\">\n\t\t\t\t\t<h2 class=\"elementor-heading-title elementor-size-default\">Obtenez un devis !<\/h2>\t\t\t\t<\/div>\n\t\t\t\t<\/div>\n\t\t\t\t<div class=\"elementor-element elementor-element-273752f elementor-button-align-stretch elementor-widget elementor-widget-form\" data-id=\"273752f\" data-element_type=\"widget\" data-e-type=\"widget\" data-settings=\"{&quot;step_next_label&quot;:&quot;Suivant&quot;,&quot;step_previous_label&quot;:&quot;Pr\\u00e9c\\u00e9dent&quot;,&quot;button_width&quot;:&quot;100&quot;,&quot;step_type&quot;:&quot;number_text&quot;,&quot;step_icon_shape&quot;:&quot;circle&quot;}\" data-widget_type=\"form.default\">\n\t\t\t\t<div class=\"elementor-widget-container\">\n\t\t\t\t\t\t\t<form class=\"elementor-form\" method=\"post\" name=\"Nouveau formulaire\" aria-label=\"Nouveau formulaire\">\n\t\t\t<input type=\"hidden\" name=\"post_id\" value=\"2942\"\/>\n\t\t\t<input type=\"hidden\" name=\"form_id\" value=\"273752f\"\/>\n\t\t\t<input type=\"hidden\" name=\"referer_title\" value=\"Epseed\" \/>\n\n\t\t\t\n\t\t\t<div class=\"elementor-form-fields-wrapper elementor-labels-above\">\n\t\t\t\t\t\t\t\t<div class=\"elementor-field-type-text elementor-field-group elementor-column elementor-field-group-field_00d949b elementor-col-100 elementor-field-required elementor-mark-required\">\n\t\t\t\t\t\t\t\t\t\t\t\t<label for=\"form-field-field_00d949b\" class=\"elementor-field-label\">\n\t\t\t\t\t\t\t\tNom\t\t\t\t\t\t\t<\/label>\n\t\t\t\t\t\t\t\t\t\t\t\t\t\t<input size=\"1\" type=\"text\" name=\"form_fields[field_00d949b]\" id=\"form-field-field_00d949b\" class=\"elementor-field elementor-size-sm  elementor-field-textual\" required=\"required\">\n\t\t\t\t\t\t\t\t\t\t\t<\/div>\n\t\t\t\t\t\t\t\t<div class=\"elementor-field-type-email elementor-field-group elementor-column elementor-field-group-field_5d614e6 elementor-col-100 elementor-field-required elementor-mark-required\">\n\t\t\t\t\t\t\t\t\t\t\t\t<label for=\"form-field-field_5d614e6\" class=\"elementor-field-label\">\n\t\t\t\t\t\t\t\tE-mail\t\t\t\t\t\t\t<\/label>\n\t\t\t\t\t\t\t\t\t\t\t\t\t\t<input size=\"1\" type=\"email\" name=\"form_fields[field_5d614e6]\" id=\"form-field-field_5d614e6\" class=\"elementor-field elementor-size-sm  elementor-field-textual\" required=\"required\">\n\t\t\t\t\t\t\t\t\t\t\t<\/div>\n\t\t\t\t\t\t\t\t<div class=\"elementor-field-type-tel elementor-field-group elementor-column elementor-field-group-field_9bb2121 elementor-col-100 elementor-field-required elementor-mark-required\">\n\t\t\t\t\t\t\t\t\t\t\t\t<label for=\"form-field-field_9bb2121\" class=\"elementor-field-label\">\n\t\t\t\t\t\t\t\tNum\u00e9ro de t\u00e9l\u00e9phone\t\t\t\t\t\t\t<\/label>\n\t\t\t\t\t\t\t\t<input size=\"1\" type=\"tel\" name=\"form_fields[field_9bb2121]\" id=\"form-field-field_9bb2121\" class=\"elementor-field elementor-size-sm  elementor-field-textual\" required=\"required\" pattern=\"[0-9()#&amp;+*-=.]+\" title=\"Only numbers and phone characters (#, -, *, etc) are accepted.\">\n\n\t\t\t\t\t\t<\/div>\n\t\t\t\t\t\t\t\t<div class=\"elementor-field-type-text elementor-field-group elementor-column elementor-field-group-name elementor-col-100 elementor-field-required elementor-mark-required\">\n\t\t\t\t\t\t\t\t\t\t\t\t<label for=\"form-field-name\" class=\"elementor-field-label\">\n\t\t\t\t\t\t\t\tEntreprise\t\t\t\t\t\t\t<\/label>\n\t\t\t\t\t\t\t\t\t\t\t\t\t\t<input size=\"1\" type=\"text\" name=\"form_fields[name]\" id=\"form-field-name\" class=\"elementor-field elementor-size-sm  elementor-field-textual\" required=\"required\">\n\t\t\t\t\t\t\t\t\t\t\t<\/div>\n\t\t\t\t\t\t\t\t<div class=\"elementor-field-type-textarea elementor-field-group elementor-column elementor-field-group-field_495711c elementor-col-100\">\n\t\t\t\t\t\t\t\t\t\t\t\t<label for=\"form-field-field_495711c\" class=\"elementor-field-label\">\n\t\t\t\t\t\t\t\tMessage\t\t\t\t\t\t\t<\/label>\n\t\t\t\t\t\t<textarea class=\"elementor-field-textual elementor-field  elementor-size-sm\" name=\"form_fields[field_495711c]\" id=\"form-field-field_495711c\" rows=\"4\"><\/textarea>\t\t\t\t<\/div>\n\t\t\t\t\t\t\t\t<div class=\"elementor-field-group elementor-column elementor-field-type-submit elementor-col-100 e-form__buttons\">\n\t\t\t\t\t<button class=\"elementor-button elementor-size-sm\" type=\"submit\">\n\t\t\t\t\t\t<span class=\"elementor-button-content-wrapper\">\n\t\t\t\t\t\t\t\t\t\t\t\t\t\t\t\t\t\t\t\t\t\t<span class=\"elementor-button-text\">Envoyer<\/span>\n\t\t\t\t\t\t\t\t\t\t\t\t\t<\/span>\n\t\t\t\t\t<\/button>\n\t\t\t\t<\/div>\n\t\t\t<\/div>\n\t\t<\/form>\n\t\t\t\t\t\t<\/div>\n\t\t\t\t<\/div>\n\t\t\t\t\t<\/div>\n\t\t<\/div>\n\t\t\t\t\t<\/div>\n\t\t<\/section>\n\t\t\t\t<\/div>\n\t\t","protected":false},"excerpt":{"rendered":"<p>Soyez le premier \u00e0 avoir The SEED Vous souhaitez fa\u00e7onner l&rsquo;avenir du travail \u00e0 distance avec The SEED ? Rejoignez notre programme Earlybird exclusif! Nous invitons les entreprises et les utilisateurs \u00e0 essayer The SEED pendant une p\u00e9riode limit\u00e9e et \u00e0 nous faire part de leurs pr\u00e9cieux commentaires afin d&rsquo;adapter la solution aux besoins r\u00e9els. [&hellip;]<\/p>\n","protected":false},"author":2,"featured_media":0,"parent":0,"menu_order":0,"comment_status":"closed","ping_status":"closed","template":"","meta":{"inline_featured_image":false,"footnotes":""},"class_list":["post-2942","page","type-page","status-publish","hentry"],"yoast_head":"<!-- This site is optimized with the Yoast SEO plugin v27.3 - https:\/\/yoast.com\/product\/yoast-seo-wordpress\/ -->\n<title>Partenaire beta Seed : t\u00e9l\u00e9travail s\u00e9curis\u00e9<\/title>\n<meta name=\"description\" content=\"Rejoignez le programme test Seed et d\u00e9couvrez en avant-premi\u00e8re une solution s\u00e9curis\u00e9e pour le t\u00e9l\u00e9travail et le BYOD.\" \/>\n<meta name=\"robots\" content=\"index, follow, max-snippet:-1, max-image-preview:large, max-video-preview:-1\" \/>\n<link rel=\"canonical\" href=\"https:\/\/epseed.com\/en\/early-bird-seed\/\" \/>\n<meta property=\"og:locale\" content=\"en_GB\" \/>\n<meta property=\"og:type\" content=\"article\" \/>\n<meta property=\"og:title\" content=\"Partenaire beta Seed : t\u00e9l\u00e9travail s\u00e9curis\u00e9\" \/>\n<meta property=\"og:description\" content=\"Rejoignez le programme test Seed et d\u00e9couvrez en avant-premi\u00e8re une solution s\u00e9curis\u00e9e pour le t\u00e9l\u00e9travail et le BYOD.\" \/>\n<meta property=\"og:url\" content=\"https:\/\/epseed.com\/en\/early-bird-seed\/\" \/>\n<meta property=\"og:site_name\" content=\"Epseed\" \/>\n<meta property=\"article:modified_time\" content=\"2026-01-06T22:02:51+00:00\" \/>\n<meta property=\"og:image\" content=\"https:\/\/epseed.com\/wp-content\/uploads\/2024\/09\/Plan-de-travail-21_1-scaled.png\" \/>\n\t<meta property=\"og:image:width\" content=\"4153\" \/>\n\t<meta property=\"og:image:height\" content=\"1184\" \/>\n\t<meta property=\"og:image:type\" content=\"image\/png\" \/>\n<meta name=\"twitter:card\" content=\"summary_large_image\" \/>\n<meta name=\"twitter:label1\" content=\"Estimated reading time\" \/>\n\t<meta name=\"twitter:data1\" content=\"1 minute\" \/>\n<script type=\"application\/ld+json\" class=\"yoast-schema-graph\">{\"@context\":\"https:\\\/\\\/schema.org\",\"@graph\":[{\"@type\":\"WebPage\",\"@id\":\"https:\\\/\\\/epseed.com\\\/early-bird-seed\\\/\",\"url\":\"https:\\\/\\\/epseed.com\\\/early-bird-seed\\\/\",\"name\":\"Partenaire beta Seed : t\u00e9l\u00e9travail s\u00e9curis\u00e9\",\"isPartOf\":{\"@id\":\"https:\\\/\\\/epseed.com\\\/#website\"},\"primaryImageOfPage\":{\"@id\":\"https:\\\/\\\/epseed.com\\\/early-bird-seed\\\/#primaryimage\"},\"image\":{\"@id\":\"https:\\\/\\\/epseed.com\\\/early-bird-seed\\\/#primaryimage\"},\"thumbnailUrl\":\"https:\\\/\\\/epseed.com\\\/wp-content\\\/uploads\\\/2024\\\/09\\\/Plan-de-travail-21_1.png\",\"datePublished\":\"2024-11-01T09:03:00+00:00\",\"dateModified\":\"2026-01-06T22:02:51+00:00\",\"description\":\"Rejoignez le programme test Seed et d\u00e9couvrez en avant-premi\u00e8re une solution s\u00e9curis\u00e9e pour le t\u00e9l\u00e9travail et le BYOD.\",\"breadcrumb\":{\"@id\":\"https:\\\/\\\/epseed.com\\\/early-bird-seed\\\/#breadcrumb\"},\"inLanguage\":\"en-GB\",\"potentialAction\":[{\"@type\":\"ReadAction\",\"target\":[\"https:\\\/\\\/epseed.com\\\/early-bird-seed\\\/\"]}]},{\"@type\":\"ImageObject\",\"inLanguage\":\"en-GB\",\"@id\":\"https:\\\/\\\/epseed.com\\\/early-bird-seed\\\/#primaryimage\",\"url\":\"https:\\\/\\\/epseed.com\\\/wp-content\\\/uploads\\\/2024\\\/09\\\/Plan-de-travail-21_1.png\",\"contentUrl\":\"https:\\\/\\\/epseed.com\\\/wp-content\\\/uploads\\\/2024\\\/09\\\/Plan-de-travail-21_1.png\"},{\"@type\":\"BreadcrumbList\",\"@id\":\"https:\\\/\\\/epseed.com\\\/early-bird-seed\\\/#breadcrumb\",\"itemListElement\":[{\"@type\":\"ListItem\",\"position\":1,\"name\":\"Accueil\",\"item\":\"https:\\\/\\\/epseed.com\\\/\"},{\"@type\":\"ListItem\",\"position\":2,\"name\":\"Early bird\"}]},{\"@type\":\"WebSite\",\"@id\":\"https:\\\/\\\/epseed.com\\\/#website\",\"url\":\"https:\\\/\\\/epseed.com\\\/\",\"name\":\"Epseed\",\"description\":\"Secure your devices, secure what matters\",\"publisher\":{\"@id\":\"https:\\\/\\\/epseed.com\\\/#organization\"},\"potentialAction\":[{\"@type\":\"SearchAction\",\"target\":{\"@type\":\"EntryPoint\",\"urlTemplate\":\"https:\\\/\\\/epseed.com\\\/?s={search_term_string}\"},\"query-input\":{\"@type\":\"PropertyValueSpecification\",\"valueRequired\":true,\"valueName\":\"search_term_string\"}}],\"inLanguage\":\"en-GB\"},{\"@type\":\"Organization\",\"@id\":\"https:\\\/\\\/epseed.com\\\/#organization\",\"name\":\"Epseed\",\"url\":\"https:\\\/\\\/epseed.com\\\/\",\"logo\":{\"@type\":\"ImageObject\",\"inLanguage\":\"en-GB\",\"@id\":\"https:\\\/\\\/epseed.com\\\/#\\\/schema\\\/logo\\\/image\\\/\",\"url\":\"https:\\\/\\\/epseed.com\\\/wp-content\\\/uploads\\\/2024\\\/04\\\/cropped-cropped-COLORED_LOGO_TEXT_BOTTOM@4x.png\",\"contentUrl\":\"https:\\\/\\\/epseed.com\\\/wp-content\\\/uploads\\\/2024\\\/04\\\/cropped-cropped-COLORED_LOGO_TEXT_BOTTOM@4x.png\",\"width\":10052,\"height\":7542,\"caption\":\"Epseed\"},\"image\":{\"@id\":\"https:\\\/\\\/epseed.com\\\/#\\\/schema\\\/logo\\\/image\\\/\"},\"sameAs\":[\"https:\\\/\\\/www.linkedin.com\\\/company\\\/epseed\"]}]}<\/script>\n<!-- \/ Yoast SEO plugin. -->","yoast_head_json":{"title":"Partenaire beta Seed : t\u00e9l\u00e9travail s\u00e9curis\u00e9","description":"Rejoignez le programme test Seed et d\u00e9couvrez en avant-premi\u00e8re une solution s\u00e9curis\u00e9e pour le t\u00e9l\u00e9travail et le BYOD.","robots":{"index":"index","follow":"follow","max-snippet":"max-snippet:-1","max-image-preview":"max-image-preview:large","max-video-preview":"max-video-preview:-1"},"canonical":"https:\/\/epseed.com\/en\/early-bird-seed\/","og_locale":"en_GB","og_type":"article","og_title":"Partenaire beta Seed : t\u00e9l\u00e9travail s\u00e9curis\u00e9","og_description":"Rejoignez le programme test Seed et d\u00e9couvrez en avant-premi\u00e8re une solution s\u00e9curis\u00e9e pour le t\u00e9l\u00e9travail et le BYOD.","og_url":"https:\/\/epseed.com\/en\/early-bird-seed\/","og_site_name":"Epseed","article_modified_time":"2026-01-06T22:02:51+00:00","og_image":[{"width":4153,"height":1184,"url":"https:\/\/epseed.com\/wp-content\/uploads\/2024\/09\/Plan-de-travail-21_1-scaled.png","type":"image\/png"}],"twitter_card":"summary_large_image","twitter_misc":{"Estimated reading time":"1 minute"},"schema":{"@context":"https:\/\/schema.org","@graph":[{"@type":"WebPage","@id":"https:\/\/epseed.com\/early-bird-seed\/","url":"https:\/\/epseed.com\/early-bird-seed\/","name":"Partenaire beta Seed : t\u00e9l\u00e9travail s\u00e9curis\u00e9","isPartOf":{"@id":"https:\/\/epseed.com\/#website"},"primaryImageOfPage":{"@id":"https:\/\/epseed.com\/early-bird-seed\/#primaryimage"},"image":{"@id":"https:\/\/epseed.com\/early-bird-seed\/#primaryimage"},"thumbnailUrl":"https:\/\/epseed.com\/wp-content\/uploads\/2024\/09\/Plan-de-travail-21_1.png","datePublished":"2024-11-01T09:03:00+00:00","dateModified":"2026-01-06T22:02:51+00:00","description":"Rejoignez le programme test Seed et d\u00e9couvrez en avant-premi\u00e8re une solution s\u00e9curis\u00e9e pour le t\u00e9l\u00e9travail et le BYOD.","breadcrumb":{"@id":"https:\/\/epseed.com\/early-bird-seed\/#breadcrumb"},"inLanguage":"en-GB","potentialAction":[{"@type":"ReadAction","target":["https:\/\/epseed.com\/early-bird-seed\/"]}]},{"@type":"ImageObject","inLanguage":"en-GB","@id":"https:\/\/epseed.com\/early-bird-seed\/#primaryimage","url":"https:\/\/epseed.com\/wp-content\/uploads\/2024\/09\/Plan-de-travail-21_1.png","contentUrl":"https:\/\/epseed.com\/wp-content\/uploads\/2024\/09\/Plan-de-travail-21_1.png"},{"@type":"BreadcrumbList","@id":"https:\/\/epseed.com\/early-bird-seed\/#breadcrumb","itemListElement":[{"@type":"ListItem","position":1,"name":"Accueil","item":"https:\/\/epseed.com\/"},{"@type":"ListItem","position":2,"name":"Early bird"}]},{"@type":"WebSite","@id":"https:\/\/epseed.com\/#website","url":"https:\/\/epseed.com\/","name":"Epseed","description":"Secure your devices, secure what matters","publisher":{"@id":"https:\/\/epseed.com\/#organization"},"potentialAction":[{"@type":"SearchAction","target":{"@type":"EntryPoint","urlTemplate":"https:\/\/epseed.com\/?s={search_term_string}"},"query-input":{"@type":"PropertyValueSpecification","valueRequired":true,"valueName":"search_term_string"}}],"inLanguage":"en-GB"},{"@type":"Organization","@id":"https:\/\/epseed.com\/#organization","name":"Epseed","url":"https:\/\/epseed.com\/","logo":{"@type":"ImageObject","inLanguage":"en-GB","@id":"https:\/\/epseed.com\/#\/schema\/logo\/image\/","url":"https:\/\/epseed.com\/wp-content\/uploads\/2024\/04\/cropped-cropped-COLORED_LOGO_TEXT_BOTTOM@4x.png","contentUrl":"https:\/\/epseed.com\/wp-content\/uploads\/2024\/04\/cropped-cropped-COLORED_LOGO_TEXT_BOTTOM@4x.png","width":10052,"height":7542,"caption":"Epseed"},"image":{"@id":"https:\/\/epseed.com\/#\/schema\/logo\/image\/"},"sameAs":["https:\/\/www.linkedin.com\/company\/epseed"]}]}},"_links":{"self":[{"href":"https:\/\/epseed.com\/en\/wp-json\/wp\/v2\/pages\/2942","targetHints":{"allow":["GET"]}}],"collection":[{"href":"https:\/\/epseed.com\/en\/wp-json\/wp\/v2\/pages"}],"about":[{"href":"https:\/\/epseed.com\/en\/wp-json\/wp\/v2\/types\/page"}],"author":[{"embeddable":true,"href":"https:\/\/epseed.com\/en\/wp-json\/wp\/v2\/users\/2"}],"replies":[{"embeddable":true,"href":"https:\/\/epseed.com\/en\/wp-json\/wp\/v2\/comments?post=2942"}],"version-history":[{"count":39,"href":"https:\/\/epseed.com\/en\/wp-json\/wp\/v2\/pages\/2942\/revisions"}],"predecessor-version":[{"id":4045,"href":"https:\/\/epseed.com\/en\/wp-json\/wp\/v2\/pages\/2942\/revisions\/4045"}],"wp:attachment":[{"href":"https:\/\/epseed.com\/en\/wp-json\/wp\/v2\/media?parent=2942"}],"curies":[{"name":"wp","href":"https:\/\/api.w.org\/{rel}","templated":true}]}}